{"id":54,"date":"2013-08-01T15:35:57","date_gmt":"2013-08-01T13:35:57","guid":{"rendered":"http:\/\/schlingbreede.de\/?page_id=54"},"modified":"2018-01-26T17:10:45","modified_gmt":"2018-01-26T15:10:45","slug":"impressum","status":"publish","type":"page","link":"https:\/\/schlingbreede.de\/?page_id=54","title":{"rendered":"Impressum"},"content":{"rendered":"<p>Redaktion und verantwortlich f\u00fcr den Inhalt,<\/p>\n<p>Realisierung, Umsetztung, technische Betreuung:<\/p>\n<p>&nbsp;<\/p>\n<p>Oliver Altenh\u00f6ner<br \/>\nSchlingbreede 6<br \/>\n32278 Kirchlengern<\/p>\n<p>&nbsp;<\/p>\n<p>Urheberrecht:<\/p>\n<p>Alle Rechte vorbehalten. Alle Informationen, Vereinzeichen, Texte, Programme, Grafiken, Bilder und sonstige Daten auf dieser Website unterliegen dem Urheberrecht. Sie sind, soweit keine anderen Eigentumsvorbehalte greifen, Eigentum des Anbieters dieser Website. Nachdruck, Aufnahme in Online-Dienste und Internet sowie Vervielf\u00e4ltigung auf Datentr\u00e4ger wie CD-ROM, DVD-ROM etc. \u2013 auch auszugsweise \u2013 d\u00fcrfen nur nach vorheriger schriftlicher Zustimmung\u00a0 erfolgen.<br \/>\nF\u00fcr unverlangt eingesandte Manuskripte kann keine Haftung \u00fcbernommen werden. Mit \u00dcbergabe der Manuskripte und Bilder an die Redaktion erteilt der Verfasser das Recht zur Ver\u00f6ffentlichung. Warennamen werden ohne Gew\u00e4hrleistung einer freien Verf\u00fcgung genutzt.<\/p>\n<div id=\"box-topic\">Externe Links:<\/div>\n<div id=\"box-inlay\">Oliver Altenh\u00f6ner hat auf seinen Internetseiten Links (Querverweise) zu anderen Seiten im Internet geschaltet. zudem erkl\u00e4rt er ausdr\u00fccklich, dass er keinerlei Einfluss auf die Gestaltung und die Inhalte der gelinkten Seiten hat. Deshalb distanziert sichOliver Altenh\u00f6ner. ausdr\u00fccklich von s\u00e4mtlichen Inhalten aller verkn\u00fcpften Internetseiten, die nicht auf dem Server von Schlingbreede.de abgelegt sind. Diese Erkl\u00e4rung gilt f\u00fcr alle angezeigten Links und f\u00fcr alle Inhalte der Seiten, zu denen die auf Schlingbreede.de installierten Banner und Links f\u00fchren.<\/div>\n<p>&nbsp;<\/p>\n<p>Haftungsausschluss:<\/p>\n<p><b>Inhalt des Onlineangebotes <\/b><br \/>\nDer Autor \u00fcbernimmt keinerlei Gew\u00e4hr f\u00fcr die Aktualit\u00e4t, Korrektheit, Vollst\u00e4ndigkeit oder Qualit\u00e4t der bereitgestellten Informationen. Haftungsanspr\u00fcche gegen den Autor, welche sich auf Sch\u00e4den materieller oder ideeller Art beziehen, die durch die Nutzung oder Nichtnutzung der dargebotenen Informationen bzw. durch die Nutzung fehlerhafter und unvollst\u00e4ndiger Informationen verursacht wurden, sind grunds\u00e4tzlich ausgeschlossen, sofern seitens des Autors kein nachweislich vors\u00e4tzliches oder grob fahrl\u00e4ssiges Verschulden vorliegt. Alle Angebote sind freibleibend und unverbindlich. Der Autor beh\u00e4lt es sich ausdr\u00fccklich vor, Teile der Seiten oder das gesamte Angebot ohne gesonderte Ank\u00fcndigung zu ver\u00e4ndern, zu erg\u00e4nzen, zu l\u00f6schen oder die Ver\u00f6ffentlichung zeitweise oder endg\u00fcltig einzustellen.<\/p>\n<p><b> Urheber- und Kennzeichenrecht <\/b><br \/>\nDer Autor ist bestrebt, in allen Publikationen die Urheberrechte der verwendeten Grafiken, Tondokumente, Videosequenzen und Texte zu beachten, von ihm selbst erstellte Grafiken, Tondokumente, Videosequenzen und Texte zu nutzen oder auf lizenzfreie Grafiken, Tondokumente, Videosequenzen und Texte zur\u00fcckzugreifen. Alle innerhalb des Internetangebotes genannten und ggf. durch Dritte gesch\u00fctzten Marken- und Warenzeichen unterliegen uneingeschr\u00e4nkt den Bestimmungen des jeweils g\u00fcltigen Kennzeichenrechts und den Besitzrechten der jeweiligen eingetragenen Eigent\u00fcmer. Allein aufgrund der blo\u00dfen Nennung ist nicht der Schluss zu ziehen, dass Markenzeichen nicht durch Rechte Dritter gesch\u00fctzt sind. Das Copyright f\u00fcr ver\u00f6ffentlichte, vom Autor selbst erstellte Objekte bleibt allein beim Autor der Seiten. Eine Vervielf\u00e4ltigung oder Verwendung solcher Grafiken, Tondokumente, Videosequenzen und Texte in anderen elektronischen oder gedruckten Publikationen ist ohne ausdr\u00fcckliche Zustimmung des Autors nicht gestattet.<\/p>\n<p><b> Datenschutz <\/b><br \/>\nSofern innerhalb des Internetangebotes die M\u00f6glichkeit zur Eingabe pers\u00f6nlicher oder gesch\u00e4ftlicher Daten (Emailadressen, Namen, Anschriften) besteht, so erfolgt die Preisgabe dieser Daten seitens des Nutzers auf ausdr\u00fccklich freiwilliger Basis. Die Inanspruchnahme ist \u2013 soweit technisch m\u00f6glich und zumutbar \u2013 auch ohne Angabe solcher Daten bzw. unter Angabe anonymisierter Daten oder eines Pseudonyms gestattet. Die Nutzung der im Rahmen des Impressums oder vergleichbarer Angaben ver\u00f6ffentlichten Kontaktdaten wie Postanschriften, Telefon- und Faxnummern sowie Emailadressen durch Dritte zur \u00dcbersendung von nicht ausdr\u00fccklich angeforderten Informationen ist nicht gestattet. Rechtliche Schritte gegen die Versender von sogenannten Spam-Mails bei Verst\u00f6ssen gegen dieses Verbot sind ausdr\u00fccklich vorbehalten.<\/p>\n<p><b> Links\/Hyperlinks <\/b><br \/>\nLaut Urteil vom 12. Mai 1998 \u2013 312 O 85\/98 \u2013 hat das Landgericht (LG) Hamburg entschieden, dass man durch die Erstellung eines Links, die Inhalte der gelinkten Seite ggf. mit zu verantworten hat. Nur durch ausdr\u00fcckliche Distanzierung von diesen Inhalten ist dies zu vermeiden. Wir erkl\u00e4ren deshalb an dieser Stelle ausdr\u00fccklich, dass wir uns von den Inhalten aller Internetseiten, auf die per Hyperlink verwiesen wird (einschlie\u00dflich der dort verankerten Links zu Dritten) distanzieren. Die redaktionelle Verantwortung f\u00fcr den Inhalt dieser Seiten tr\u00e4gt in jeder Hinsicht der jeweilige Anbieter allein.<\/p>\n<p><b> Rechtswirksamkeit dieses Haftungsausschlusses <\/b><br \/>\nDieser Haftungsausschluss ist als Teil des Internetangebotes zu betrachten, von dem aus auf diese Seite verwiesen wurde. Sofern Teile oder einzelne Formulierungen dieses Textes der geltenden Rechtslage nicht, nicht mehr oder nicht vollst\u00e4ndig entsprechen sollten, bleiben die \u00fcbrigen Teile des Dokumentes in ihrem Inhalt und ihrer G\u00fcltigkeit davon unber\u00fchrt.<\/p>\n","protected":false},"excerpt":{"rendered":"<p>Redaktion und verantwortlich f\u00fcr den Inhalt, Realisierung, Umsetztung, technische Betreuung: &nbsp; Oliver Altenh\u00f6ner Schlingbreede 6 32278 Kirchlengern &nbsp; Urheberrecht: Alle Rechte vorbehalten. Alle Informationen, Vereinzeichen, Texte, Programme, Grafiken, Bilder und sonstige Daten auf dieser Website unterliegen dem Urheberrecht. Sie sind, soweit keine anderen Eigentumsvorbehalte greifen, Eigentum des Anbieters dieser Website. Nachdruck, Aufnahme in Online-Dienste und &hellip;<\/p>\n<p class=\"read-more\"> <a class=\"\" href=\"https:\/\/schlingbreede.de\/?page_id=54\"> <span class=\"screen-reader-text\">Impressum<\/span>Weiterlesen &raquo;<\/a><\/p>\n","protected":false},"author":1,"featured_media":0,"parent":0,"menu_order":100,"comment_status":"closed","ping_status":"closed","template":"","meta":[],"_links":{"self":[{"href":"https:\/\/schlingbreede.de\/index.php?rest_route=\/wp\/v2\/pages\/54"}],"collection":[{"href":"https:\/\/schlingbreede.de\/index.php?rest_route=\/wp\/v2\/pages"}],"about":[{"href":"https:\/\/schlingbreede.de\/index.php?rest_route=\/wp\/v2\/types\/page"}],"author":[{"embeddable":true,"href":"https:\/\/schlingbreede.de\/index.php?rest_route=\/wp\/v2\/users\/1"}],"replies":[{"embeddable":true,"href":"https:\/\/schlingbreede.de\/index.php?rest_route=%2Fwp%2Fv2%2Fcomments&post=54"}],"version-history":[{"count":2,"href":"https:\/\/schlingbreede.de\/index.php?rest_route=\/wp\/v2\/pages\/54\/revisions"}],"predecessor-version":[{"id":158,"href":"https:\/\/schlingbreede.de\/index.php?rest_route=\/wp\/v2\/pages\/54\/revisions\/158"}],"wp:attachment":[{"href":"https:\/\/schlingbreede.de\/index.php?rest_route=%2Fwp%2Fv2%2Fmedia&parent=54"}],"curies":[{"name":"wp","href":"https:\/\/api.w.org\/{rel}","templated":true}]}}