{"id":68,"date":"2013-08-01T16:16:38","date_gmt":"2013-08-01T14:16:38","guid":{"rendered":"http:\/\/schlingbreede.de\/?page_id=68"},"modified":"2021-01-13T13:35:19","modified_gmt":"2021-01-13T11:35:19","slug":"nr-5","status":"publish","type":"page","link":"https:\/\/schlingbreede.de\/?page_id=68","title":{"rendered":"Nr. 5"},"content":{"rendered":"<p>Angela T\u00f6dtmann<\/p>\n<p>Uwe T\u00f6dtmann<\/p>\n<p>Jannick T\u00f6dtmann<\/p>\n","protected":false},"excerpt":{"rendered":"<p>Angela T\u00f6dtmann Uwe T\u00f6dtmann Jannick T\u00f6dtmann<\/p>\n","protected":false},"author":1,"featured_media":0,"parent":0,"menu_order":1,"comment_status":"closed","ping_status":"open","template":"","meta":[],"_links":{"self":[{"href":"https:\/\/schlingbreede.de\/index.php?rest_route=\/wp\/v2\/pages\/68"}],"collection":[{"href":"https:\/\/schlingbreede.de\/index.php?rest_route=\/wp\/v2\/pages"}],"about":[{"href":"https:\/\/schlingbreede.de\/index.php?rest_route=\/wp\/v2\/types\/page"}],"author":[{"embeddable":true,"href":"https:\/\/schlingbreede.de\/index.php?rest_route=\/wp\/v2\/users\/1"}],"replies":[{"embeddable":true,"href":"https:\/\/schlingbreede.de\/index.php?rest_route=%2Fwp%2Fv2%2Fcomments&post=68"}],"version-history":[{"count":8,"href":"https:\/\/schlingbreede.de\/index.php?rest_route=\/wp\/v2\/pages\/68\/revisions"}],"predecessor-version":[{"id":204,"href":"https:\/\/schlingbreede.de\/index.php?rest_route=\/wp\/v2\/pages\/68\/revisions\/204"}],"wp:attachment":[{"href":"https:\/\/schlingbreede.de\/index.php?rest_route=%2Fwp%2Fv2%2Fmedia&parent=68"}],"curies":[{"name":"wp","href":"https:\/\/api.w.org\/{rel}","templated":true}]}}